{"id":18792,"date":"2024-11-14T11:21:52","date_gmt":"2024-11-14T11:21:52","guid":{"rendered":"https:\/\/www.proalps.ch\/?page_id=18792"},"modified":"2026-01-19T08:02:16","modified_gmt":"2026-01-19T08:02:16","slug":"proteger-les-alpes","status":"publish","type":"page","link":"https:\/\/proalps.ch\/fr\/proteger-les-alpes\/","title":{"rendered":"Prot\u00e9ger les Alpes"},"content":{"rendered":"","protected":false},"excerpt":{"rendered":"","protected":false},"author":27,"featured_media":0,"parent":0,"menu_order":0,"comment_status":"closed","ping_status":"closed","template":"","meta":{"_acf_changed":false,"_seopress_robots_primary_cat":"","_seopress_titles_title":"La protection des Alpes est fondamentale | Pro Alps","_seopress_titles_desc":"Les Alpes sont uniques et leur \u00e9cosyst\u00e8me est tr\u00e8s pr\u00e9cieux. Toutefois, la croissance du trafic exerce une pression de plus en plus forte sur ces r\u00e9gions fragiles.","_seopress_robots_index":"","footnotes":""},"wf_page_folders":[87,86],"class_list":["post-18792","page","type-page","status-publish","hentry"],"acf":[],"_links":{"self":[{"href":"https:\/\/proalps.ch\/fr\/wp-json\/wp\/v2\/pages\/18792","targetHints":{"allow":["GET"]}}],"collection":[{"href":"https:\/\/proalps.ch\/fr\/wp-json\/wp\/v2\/pages"}],"about":[{"href":"https:\/\/proalps.ch\/fr\/wp-json\/wp\/v2\/types\/page"}],"author":[{"embeddable":true,"href":"https:\/\/proalps.ch\/fr\/wp-json\/wp\/v2\/users\/27"}],"replies":[{"embeddable":true,"href":"https:\/\/proalps.ch\/fr\/wp-json\/wp\/v2\/comments?post=18792"}],"version-history":[{"count":9,"href":"https:\/\/proalps.ch\/fr\/wp-json\/wp\/v2\/pages\/18792\/revisions"}],"predecessor-version":[{"id":31274,"href":"https:\/\/proalps.ch\/fr\/wp-json\/wp\/v2\/pages\/18792\/revisions\/31274"}],"wp:attachment":[{"href":"https:\/\/proalps.ch\/fr\/wp-json\/wp\/v2\/media?parent=18792"}],"wp:term":[{"taxonomy":"wf_page_folders","embeddable":true,"href":"https:\/\/proalps.ch\/fr\/wp-json\/wp\/v2\/wf_page_folders?post=18792"}],"curies":[{"name":"wp","href":"https:\/\/api.w.org\/{rel}","templated":true}]}}