{"id":18822,"date":"2024-11-14T12:14:21","date_gmt":"2024-11-14T12:14:21","guid":{"rendered":"https:\/\/www.proalps.ch\/?page_id=18822"},"modified":"2025-08-24T14:58:12","modified_gmt":"2025-08-24T14:58:12","slug":"faune-flore","status":"publish","type":"page","link":"https:\/\/proalps.ch\/fr\/proteger-les-alpes\/faune-flore\/","title":{"rendered":"La faune et la flore des Alpes"},"content":{"rendered":"","protected":false},"excerpt":{"rendered":"","protected":false},"author":27,"featured_media":0,"parent":18792,"menu_order":0,"comment_status":"closed","ping_status":"closed","template":"","meta":{"_acf_changed":false,"_seopress_robots_primary_cat":"","_seopress_titles_title":"La faune et la flore des Alpes","_seopress_titles_desc":"Les Alpes abritent de nombreuses esp\u00e8ces animales et v\u00e9g\u00e9tales.","_seopress_robots_index":"","footnotes":""},"wf_page_folders":[87,86],"class_list":["post-18822","page","type-page","status-publish","hentry"],"acf":[],"_links":{"self":[{"href":"https:\/\/proalps.ch\/fr\/wp-json\/wp\/v2\/pages\/18822","targetHints":{"allow":["GET"]}}],"collection":[{"href":"https:\/\/proalps.ch\/fr\/wp-json\/wp\/v2\/pages"}],"about":[{"href":"https:\/\/proalps.ch\/fr\/wp-json\/wp\/v2\/types\/page"}],"author":[{"embeddable":true,"href":"https:\/\/proalps.ch\/fr\/wp-json\/wp\/v2\/users\/27"}],"replies":[{"embeddable":true,"href":"https:\/\/proalps.ch\/fr\/wp-json\/wp\/v2\/comments?post=18822"}],"version-history":[{"count":7,"href":"https:\/\/proalps.ch\/fr\/wp-json\/wp\/v2\/pages\/18822\/revisions"}],"predecessor-version":[{"id":27247,"href":"https:\/\/proalps.ch\/fr\/wp-json\/wp\/v2\/pages\/18822\/revisions\/27247"}],"up":[{"embeddable":true,"href":"https:\/\/proalps.ch\/fr\/wp-json\/wp\/v2\/pages\/18792"}],"wp:attachment":[{"href":"https:\/\/proalps.ch\/fr\/wp-json\/wp\/v2\/media?parent=18822"}],"wp:term":[{"taxonomy":"wf_page_folders","embeddable":true,"href":"https:\/\/proalps.ch\/fr\/wp-json\/wp\/v2\/wf_page_folders?post=18822"}],"curies":[{"name":"wp","href":"https:\/\/api.w.org\/{rel}","templated":true}]}}