{"id":18999,"date":"2024-11-15T12:41:44","date_gmt":"2024-11-15T12:41:44","guid":{"rendered":"https:\/\/www.proalps.ch\/?page_id=18999"},"modified":"2025-05-17T18:27:47","modified_gmt":"2025-05-17T18:27:47","slug":"medias","status":"publish","type":"page","link":"https:\/\/proalps.ch\/fr\/medias\/","title":{"rendered":"Medias"},"content":{"rendered":"","protected":false},"excerpt":{"rendered":"","protected":false},"author":27,"featured_media":0,"parent":0,"menu_order":0,"comment_status":"closed","ping_status":"closed","template":"","meta":{"_acf_changed":false,"_seopress_robots_primary_cat":"","_seopress_titles_title":"Contact pour les journalistes et les r\u00e9dactions","_seopress_titles_desc":"Notre service de presse r\u00e9pond volontiers \u00e0 toutes les questions des journalistes quant au Pro Alps et ses domaines d'activit\u00e9s.","_seopress_robots_index":"","footnotes":""},"wf_page_folders":[86],"class_list":["post-18999","page","type-page","status-publish","hentry"],"acf":[],"_links":{"self":[{"href":"https:\/\/proalps.ch\/fr\/wp-json\/wp\/v2\/pages\/18999","targetHints":{"allow":["GET"]}}],"collection":[{"href":"https:\/\/proalps.ch\/fr\/wp-json\/wp\/v2\/pages"}],"about":[{"href":"https:\/\/proalps.ch\/fr\/wp-json\/wp\/v2\/types\/page"}],"author":[{"embeddable":true,"href":"https:\/\/proalps.ch\/fr\/wp-json\/wp\/v2\/users\/27"}],"replies":[{"embeddable":true,"href":"https:\/\/proalps.ch\/fr\/wp-json\/wp\/v2\/comments?post=18999"}],"version-history":[{"count":14,"href":"https:\/\/proalps.ch\/fr\/wp-json\/wp\/v2\/pages\/18999\/revisions"}],"predecessor-version":[{"id":25953,"href":"https:\/\/proalps.ch\/fr\/wp-json\/wp\/v2\/pages\/18999\/revisions\/25953"}],"wp:attachment":[{"href":"https:\/\/proalps.ch\/fr\/wp-json\/wp\/v2\/media?parent=18999"}],"wp:term":[{"taxonomy":"wf_page_folders","embeddable":true,"href":"https:\/\/proalps.ch\/fr\/wp-json\/wp\/v2\/wf_page_folders?post=18999"}],"curies":[{"name":"wp","href":"https:\/\/api.w.org\/{rel}","templated":true}]}}