{"id":19286,"date":"2024-11-16T14:32:08","date_gmt":"2024-11-16T14:32:08","guid":{"rendered":"https:\/\/www.proalps.ch\/?page_id=19286"},"modified":"2026-01-21T09:15:48","modified_gmt":"2026-01-21T09:15:48","slug":"transfert","status":"publish","type":"page","link":"https:\/\/proalps.ch\/fr\/themes\/transfert\/","title":{"rendered":"Transfert du transport de marchandises"},"content":{"rendered":"","protected":false},"excerpt":{"rendered":"","protected":false},"author":27,"featured_media":0,"parent":20503,"menu_order":0,"comment_status":"closed","ping_status":"closed","template":"","meta":{"_acf_changed":false,"_seopress_robots_primary_cat":"","_seopress_titles_title":"Transfert du transport de marchandises de la route au rail","_seopress_titles_desc":"Le chemin de fer transporte les marchandises de mani\u00e8re plus \u00e9cologique et plus efficace du point de vue \u00e9nerg\u00e9tique que les camions.","_seopress_robots_index":"","footnotes":""},"wf_page_folders":[86,134],"class_list":["post-19286","page","type-page","status-publish","hentry"],"acf":[],"_links":{"self":[{"href":"https:\/\/proalps.ch\/fr\/wp-json\/wp\/v2\/pages\/19286","targetHints":{"allow":["GET"]}}],"collection":[{"href":"https:\/\/proalps.ch\/fr\/wp-json\/wp\/v2\/pages"}],"about":[{"href":"https:\/\/proalps.ch\/fr\/wp-json\/wp\/v2\/types\/page"}],"author":[{"embeddable":true,"href":"https:\/\/proalps.ch\/fr\/wp-json\/wp\/v2\/users\/27"}],"replies":[{"embeddable":true,"href":"https:\/\/proalps.ch\/fr\/wp-json\/wp\/v2\/comments?post=19286"}],"version-history":[{"count":13,"href":"https:\/\/proalps.ch\/fr\/wp-json\/wp\/v2\/pages\/19286\/revisions"}],"predecessor-version":[{"id":31344,"href":"https:\/\/proalps.ch\/fr\/wp-json\/wp\/v2\/pages\/19286\/revisions\/31344"}],"up":[{"embeddable":true,"href":"https:\/\/proalps.ch\/fr\/wp-json\/wp\/v2\/pages\/20503"}],"wp:attachment":[{"href":"https:\/\/proalps.ch\/fr\/wp-json\/wp\/v2\/media?parent=19286"}],"wp:term":[{"taxonomy":"wf_page_folders","embeddable":true,"href":"https:\/\/proalps.ch\/fr\/wp-json\/wp\/v2\/wf_page_folders?post=19286"}],"curies":[{"name":"wp","href":"https:\/\/api.w.org\/{rel}","templated":true}]}}