{"id":19324,"date":"2024-11-16T16:10:49","date_gmt":"2024-11-16T16:10:49","guid":{"rendered":"https:\/\/www.proalps.ch\/?page_id=19324"},"modified":"2026-01-21T09:38:06","modified_gmt":"2026-01-21T09:38:06","slug":"construction-routiere","status":"publish","type":"page","link":"https:\/\/proalps.ch\/fr\/themes\/construction-routiere\/","title":{"rendered":"Am\u00e9nagement des routes dans l\u2019espace alpin"},"content":{"rendered":"","protected":false},"excerpt":{"rendered":"","protected":false},"author":27,"featured_media":0,"parent":20503,"menu_order":0,"comment_status":"closed","ping_status":"closed","template":"","meta":{"_acf_changed":false,"_seopress_robots_primary_cat":"","_seopress_titles_title":"Am\u00e9nagement des routes dans l\u2019espace alpin","_seopress_titles_desc":"L\u2019article sur la protection des Alpes inscrit dans la Constitution suisse interdit d\u2019augmenter les capacit\u00e9s des routes de transit alpines. La protection des Alpes est n\u00e9anmoins menac\u00e9e !","_seopress_robots_index":"","footnotes":""},"wf_page_folders":[86,134],"class_list":["post-19324","page","type-page","status-publish","hentry"],"acf":[],"_links":{"self":[{"href":"https:\/\/proalps.ch\/fr\/wp-json\/wp\/v2\/pages\/19324","targetHints":{"allow":["GET"]}}],"collection":[{"href":"https:\/\/proalps.ch\/fr\/wp-json\/wp\/v2\/pages"}],"about":[{"href":"https:\/\/proalps.ch\/fr\/wp-json\/wp\/v2\/types\/page"}],"author":[{"embeddable":true,"href":"https:\/\/proalps.ch\/fr\/wp-json\/wp\/v2\/users\/27"}],"replies":[{"embeddable":true,"href":"https:\/\/proalps.ch\/fr\/wp-json\/wp\/v2\/comments?post=19324"}],"version-history":[{"count":9,"href":"https:\/\/proalps.ch\/fr\/wp-json\/wp\/v2\/pages\/19324\/revisions"}],"predecessor-version":[{"id":31359,"href":"https:\/\/proalps.ch\/fr\/wp-json\/wp\/v2\/pages\/19324\/revisions\/31359"}],"up":[{"embeddable":true,"href":"https:\/\/proalps.ch\/fr\/wp-json\/wp\/v2\/pages\/20503"}],"wp:attachment":[{"href":"https:\/\/proalps.ch\/fr\/wp-json\/wp\/v2\/media?parent=19324"}],"wp:term":[{"taxonomy":"wf_page_folders","embeddable":true,"href":"https:\/\/proalps.ch\/fr\/wp-json\/wp\/v2\/wf_page_folders?post=19324"}],"curies":[{"name":"wp","href":"https:\/\/api.w.org\/{rel}","templated":true}]}}