{"id":19338,"date":"2024-11-16T16:40:14","date_gmt":"2024-11-16T16:40:14","guid":{"rendered":"https:\/\/www.proalps.ch\/?page_id=19338"},"modified":"2026-01-21T11:34:34","modified_gmt":"2026-01-21T11:34:34","slug":"sante","status":"publish","type":"page","link":"https:\/\/proalps.ch\/fr\/themes\/sante\/","title":{"rendered":"Trafic et sant\u00e9"},"content":{"rendered":"","protected":false},"excerpt":{"rendered":"","protected":false},"author":27,"featured_media":0,"parent":20503,"menu_order":0,"comment_status":"closed","ping_status":"closed","template":"","meta":{"_acf_changed":false,"_seopress_robots_primary_cat":"","_seopress_titles_title":"Trafic et sant\u00e9","_seopress_titles_desc":"Le bruit constant de la circulation est reconnu comme n\u00e9faste pour la sant\u00e9. Or le trafic en transit alpin ne cesse d\u2019augmenter. Pro Alps refuse d\u2019accepter cet \u00e9tat de fait.","_seopress_robots_index":"","footnotes":""},"wf_page_folders":[86,134],"class_list":["post-19338","page","type-page","status-publish","hentry"],"acf":[],"_links":{"self":[{"href":"https:\/\/proalps.ch\/fr\/wp-json\/wp\/v2\/pages\/19338","targetHints":{"allow":["GET"]}}],"collection":[{"href":"https:\/\/proalps.ch\/fr\/wp-json\/wp\/v2\/pages"}],"about":[{"href":"https:\/\/proalps.ch\/fr\/wp-json\/wp\/v2\/types\/page"}],"author":[{"embeddable":true,"href":"https:\/\/proalps.ch\/fr\/wp-json\/wp\/v2\/users\/27"}],"replies":[{"embeddable":true,"href":"https:\/\/proalps.ch\/fr\/wp-json\/wp\/v2\/comments?post=19338"}],"version-history":[{"count":7,"href":"https:\/\/proalps.ch\/fr\/wp-json\/wp\/v2\/pages\/19338\/revisions"}],"predecessor-version":[{"id":31388,"href":"https:\/\/proalps.ch\/fr\/wp-json\/wp\/v2\/pages\/19338\/revisions\/31388"}],"up":[{"embeddable":true,"href":"https:\/\/proalps.ch\/fr\/wp-json\/wp\/v2\/pages\/20503"}],"wp:attachment":[{"href":"https:\/\/proalps.ch\/fr\/wp-json\/wp\/v2\/media?parent=19338"}],"wp:term":[{"taxonomy":"wf_page_folders","embeddable":true,"href":"https:\/\/proalps.ch\/fr\/wp-json\/wp\/v2\/wf_page_folders?post=19338"}],"curies":[{"name":"wp","href":"https:\/\/api.w.org\/{rel}","templated":true}]}}