{"id":19381,"date":"2024-11-16T19:08:15","date_gmt":"2024-11-16T19:08:15","guid":{"rendered":"https:\/\/www.proalps.ch\/?page_id=19381"},"modified":"2026-02-16T14:29:26","modified_gmt":"2026-02-16T14:29:26","slug":"testament","status":"publish","type":"page","link":"https:\/\/proalps.ch\/fr\/agir\/testament\/","title":{"rendered":"Testament, h\u00e9ritage et legs"},"content":{"rendered":"","protected":false},"excerpt":{"rendered":"","protected":false},"author":27,"featured_media":0,"parent":20563,"menu_order":0,"comment_status":"closed","ping_status":"closed","template":"","meta":{"_acf_changed":false,"_seopress_robots_primary_cat":"","_seopress_titles_title":"Testament, h\u00e9ritage et legs","_seopress_titles_desc":"Vous aimez les Alpes et vous souhaitez faire une bonne action avec votre h\u00e9ritage ? R\u00e9glez votre succession de mani\u00e8re simple et s\u00fbre.","_seopress_robots_index":"","footnotes":""},"wf_page_folders":[135,86],"class_list":["post-19381","page","type-page","status-publish","hentry"],"acf":[],"_links":{"self":[{"href":"https:\/\/proalps.ch\/fr\/wp-json\/wp\/v2\/pages\/19381","targetHints":{"allow":["GET"]}}],"collection":[{"href":"https:\/\/proalps.ch\/fr\/wp-json\/wp\/v2\/pages"}],"about":[{"href":"https:\/\/proalps.ch\/fr\/wp-json\/wp\/v2\/types\/page"}],"author":[{"embeddable":true,"href":"https:\/\/proalps.ch\/fr\/wp-json\/wp\/v2\/users\/27"}],"replies":[{"embeddable":true,"href":"https:\/\/proalps.ch\/fr\/wp-json\/wp\/v2\/comments?post=19381"}],"version-history":[{"count":16,"href":"https:\/\/proalps.ch\/fr\/wp-json\/wp\/v2\/pages\/19381\/revisions"}],"predecessor-version":[{"id":31785,"href":"https:\/\/proalps.ch\/fr\/wp-json\/wp\/v2\/pages\/19381\/revisions\/31785"}],"up":[{"embeddable":true,"href":"https:\/\/proalps.ch\/fr\/wp-json\/wp\/v2\/pages\/20563"}],"wp:attachment":[{"href":"https:\/\/proalps.ch\/fr\/wp-json\/wp\/v2\/media?parent=19381"}],"wp:term":[{"taxonomy":"wf_page_folders","embeddable":true,"href":"https:\/\/proalps.ch\/fr\/wp-json\/wp\/v2\/wf_page_folders?post=19381"}],"curies":[{"name":"wp","href":"https:\/\/api.w.org\/{rel}","templated":true}]}}