{"id":20299,"date":"2024-11-18T10:33:54","date_gmt":"2024-11-18T10:33:54","guid":{"rendered":"https:\/\/www.proalps.ch\/?page_id=20299"},"modified":"2025-10-23T09:52:47","modified_gmt":"2025-10-23T09:52:47","slug":"transports-absurdes-sur-les-routes-suisses","status":"publish","type":"page","link":"https:\/\/proalps.ch\/fr\/themes\/transports-absurdes-sur-les-routes-suisses\/","title":{"rendered":"Transports absurdes sur les routes suisses"},"content":{"rendered":"","protected":false},"excerpt":{"rendered":"","protected":false},"author":27,"featured_media":0,"parent":20503,"menu_order":0,"comment_status":"closed","ping_status":"closed","template":"","meta":{"_acf_changed":false,"_seopress_robots_primary_cat":"","_seopress_titles_title":"Transports absurdes sur les routes suisses","_seopress_titles_desc":"Les syst\u00e8mes de transports et \u00e9conomique actuels nous permettent de transporter trop de marchandises, trop loin et de fa\u00e7on trop polluante. Cette situation doit changer.","_seopress_robots_index":"","footnotes":""},"wf_page_folders":[86,134],"class_list":["post-20299","page","type-page","status-publish","hentry"],"acf":[],"_links":{"self":[{"href":"https:\/\/proalps.ch\/fr\/wp-json\/wp\/v2\/pages\/20299","targetHints":{"allow":["GET"]}}],"collection":[{"href":"https:\/\/proalps.ch\/fr\/wp-json\/wp\/v2\/pages"}],"about":[{"href":"https:\/\/proalps.ch\/fr\/wp-json\/wp\/v2\/types\/page"}],"author":[{"embeddable":true,"href":"https:\/\/proalps.ch\/fr\/wp-json\/wp\/v2\/users\/27"}],"replies":[{"embeddable":true,"href":"https:\/\/proalps.ch\/fr\/wp-json\/wp\/v2\/comments?post=20299"}],"version-history":[{"count":11,"href":"https:\/\/proalps.ch\/fr\/wp-json\/wp\/v2\/pages\/20299\/revisions"}],"predecessor-version":[{"id":28094,"href":"https:\/\/proalps.ch\/fr\/wp-json\/wp\/v2\/pages\/20299\/revisions\/28094"}],"up":[{"embeddable":true,"href":"https:\/\/proalps.ch\/fr\/wp-json\/wp\/v2\/pages\/20503"}],"wp:attachment":[{"href":"https:\/\/proalps.ch\/fr\/wp-json\/wp\/v2\/media?parent=20299"}],"wp:term":[{"taxonomy":"wf_page_folders","embeddable":true,"href":"https:\/\/proalps.ch\/fr\/wp-json\/wp\/v2\/wf_page_folders?post=20299"}],"curies":[{"name":"wp","href":"https:\/\/api.w.org\/{rel}","templated":true}]}}