{"id":20563,"date":"2024-11-18T12:43:05","date_gmt":"2024-11-18T12:43:05","guid":{"rendered":"https:\/\/www.proalps.ch\/?page_id=20563"},"modified":"2026-03-09T13:47:26","modified_gmt":"2026-03-09T13:47:26","slug":"agir","status":"publish","type":"page","link":"https:\/\/proalps.ch\/fr\/agir\/","title":{"rendered":"Agir"},"content":{"rendered":"","protected":false},"excerpt":{"rendered":"","protected":false},"author":27,"featured_media":0,"parent":0,"menu_order":0,"comment_status":"closed","ping_status":"closed","template":"","meta":{"_acf_changed":false,"_seopress_robots_primary_cat":"","_seopress_titles_title":"Agir pour des Alpes o\u00f9 il fait bon vivre I Pro Alps","_seopress_titles_desc":"Les Alpes souffrent particuli\u00e8rement du changement climatique. Engagez-vous avec nous en faveur d\u2019une politique climatique durable destin\u00e9e \u00e0 prot\u00e9ger les Alpes.","_seopress_robots_index":"","footnotes":""},"wf_page_folders":[135,86],"class_list":["post-20563","page","type-page","status-publish","hentry"],"acf":[],"_links":{"self":[{"href":"https:\/\/proalps.ch\/fr\/wp-json\/wp\/v2\/pages\/20563","targetHints":{"allow":["GET"]}}],"collection":[{"href":"https:\/\/proalps.ch\/fr\/wp-json\/wp\/v2\/pages"}],"about":[{"href":"https:\/\/proalps.ch\/fr\/wp-json\/wp\/v2\/types\/page"}],"author":[{"embeddable":true,"href":"https:\/\/proalps.ch\/fr\/wp-json\/wp\/v2\/users\/27"}],"replies":[{"embeddable":true,"href":"https:\/\/proalps.ch\/fr\/wp-json\/wp\/v2\/comments?post=20563"}],"version-history":[{"count":14,"href":"https:\/\/proalps.ch\/fr\/wp-json\/wp\/v2\/pages\/20563\/revisions"}],"predecessor-version":[{"id":32050,"href":"https:\/\/proalps.ch\/fr\/wp-json\/wp\/v2\/pages\/20563\/revisions\/32050"}],"wp:attachment":[{"href":"https:\/\/proalps.ch\/fr\/wp-json\/wp\/v2\/media?parent=20563"}],"wp:term":[{"taxonomy":"wf_page_folders","embeddable":true,"href":"https:\/\/proalps.ch\/fr\/wp-json\/wp\/v2\/wf_page_folders?post=20563"}],"curies":[{"name":"wp","href":"https:\/\/api.w.org\/{rel}","templated":true}]}}