{"id":20639,"date":"2024-11-18T13:05:48","date_gmt":"2024-11-18T13:05:48","guid":{"rendered":"https:\/\/www.proalps.ch\/?page_id=20639"},"modified":"2025-02-04T10:23:57","modified_gmt":"2025-02-04T10:23:57","slug":"nos-coordonnees","status":"publish","type":"page","link":"https:\/\/proalps.ch\/fr\/nos-coordonnees\/","title":{"rendered":"Contact"},"content":{"rendered":"","protected":false},"excerpt":{"rendered":"","protected":false},"author":27,"featured_media":0,"parent":0,"menu_order":0,"comment_status":"closed","ping_status":"closed","template":"","meta":{"_acf_changed":false,"_seopress_robots_primary_cat":"","_seopress_titles_title":"Nos coordonn\u00e9es","_seopress_titles_desc":"Nous r\u00e9pondons volontiers \u00e0 vos questions.","_seopress_robots_index":"","footnotes":""},"wf_page_folders":[86],"class_list":["post-20639","page","type-page","status-publish","hentry"],"acf":[],"_links":{"self":[{"href":"https:\/\/proalps.ch\/fr\/wp-json\/wp\/v2\/pages\/20639","targetHints":{"allow":["GET"]}}],"collection":[{"href":"https:\/\/proalps.ch\/fr\/wp-json\/wp\/v2\/pages"}],"about":[{"href":"https:\/\/proalps.ch\/fr\/wp-json\/wp\/v2\/types\/page"}],"author":[{"embeddable":true,"href":"https:\/\/proalps.ch\/fr\/wp-json\/wp\/v2\/users\/27"}],"replies":[{"embeddable":true,"href":"https:\/\/proalps.ch\/fr\/wp-json\/wp\/v2\/comments?post=20639"}],"version-history":[{"count":10,"href":"https:\/\/proalps.ch\/fr\/wp-json\/wp\/v2\/pages\/20639\/revisions"}],"predecessor-version":[{"id":23649,"href":"https:\/\/proalps.ch\/fr\/wp-json\/wp\/v2\/pages\/20639\/revisions\/23649"}],"wp:attachment":[{"href":"https:\/\/proalps.ch\/fr\/wp-json\/wp\/v2\/media?parent=20639"}],"wp:term":[{"taxonomy":"wf_page_folders","embeddable":true,"href":"https:\/\/proalps.ch\/fr\/wp-json\/wp\/v2\/wf_page_folders?post=20639"}],"curies":[{"name":"wp","href":"https:\/\/api.w.org\/{rel}","templated":true}]}}