{"id":21997,"date":"2024-11-20T19:03:46","date_gmt":"2024-11-20T19:03:46","guid":{"rendered":"https:\/\/proalps.ch\/?page_id=21997"},"modified":"2026-01-21T09:32:01","modified_gmt":"2026-01-21T09:32:01","slug":"no-gigaliner","status":"publish","type":"page","link":"https:\/\/proalps.ch\/fr\/themes\/no-gigaliner\/","title":{"rendered":"Non aux m\u00e9gacamions"},"content":{"rendered":"","protected":false},"excerpt":{"rendered":"","protected":false},"author":27,"featured_media":0,"parent":20503,"menu_order":0,"comment_status":"closed","ping_status":"closed","template":"","meta":{"_acf_changed":false,"_seopress_robots_primary_cat":"","_seopress_titles_title":"Non aux m\u00e9gacamions","_seopress_titles_desc":"Les m\u00e9gacamions mettent en danger la s\u00e9curit\u00e9, surchargent les infrastructures et nuisent \u00e0 l\u2019environnement. Ils compromettent aussi le transfert modal.","_seopress_robots_index":"","footnotes":""},"wf_page_folders":[86,134],"class_list":["post-21997","page","type-page","status-publish","hentry"],"acf":[],"_links":{"self":[{"href":"https:\/\/proalps.ch\/fr\/wp-json\/wp\/v2\/pages\/21997","targetHints":{"allow":["GET"]}}],"collection":[{"href":"https:\/\/proalps.ch\/fr\/wp-json\/wp\/v2\/pages"}],"about":[{"href":"https:\/\/proalps.ch\/fr\/wp-json\/wp\/v2\/types\/page"}],"author":[{"embeddable":true,"href":"https:\/\/proalps.ch\/fr\/wp-json\/wp\/v2\/users\/27"}],"replies":[{"embeddable":true,"href":"https:\/\/proalps.ch\/fr\/wp-json\/wp\/v2\/comments?post=21997"}],"version-history":[{"count":6,"href":"https:\/\/proalps.ch\/fr\/wp-json\/wp\/v2\/pages\/21997\/revisions"}],"predecessor-version":[{"id":31355,"href":"https:\/\/proalps.ch\/fr\/wp-json\/wp\/v2\/pages\/21997\/revisions\/31355"}],"up":[{"embeddable":true,"href":"https:\/\/proalps.ch\/fr\/wp-json\/wp\/v2\/pages\/20503"}],"wp:attachment":[{"href":"https:\/\/proalps.ch\/fr\/wp-json\/wp\/v2\/media?parent=21997"}],"wp:term":[{"taxonomy":"wf_page_folders","embeddable":true,"href":"https:\/\/proalps.ch\/fr\/wp-json\/wp\/v2\/wf_page_folders?post=21997"}],"curies":[{"name":"wp","href":"https:\/\/api.w.org\/{rel}","templated":true}]}}