{"id":22045,"date":"2024-11-20T22:59:26","date_gmt":"2024-11-20T22:59:26","guid":{"rendered":"https:\/\/proalps.ch\/?page_id=22045"},"modified":"2026-01-21T11:22:24","modified_gmt":"2026-01-21T11:22:24","slug":"securite-et-controles","status":"publish","type":"page","link":"https:\/\/proalps.ch\/fr\/themes\/securite-et-controles\/","title":{"rendered":"S\u00e9curit\u00e9 et contr\u00f4les"},"content":{"rendered":"","protected":false},"excerpt":{"rendered":"","protected":false},"author":27,"featured_media":0,"parent":20503,"menu_order":0,"comment_status":"closed","ping_status":"closed","template":"","meta":{"_acf_changed":false,"_seopress_robots_primary_cat":"","_seopress_titles_title":"S\u00e9curit\u00e9 routi\u00e8re et contr\u00f4les","_seopress_titles_desc":"Les contr\u00f4les syst\u00e9matiques des poids lourds constituent un \u00e9l\u00e9ment cl\u00e9 de la politique de transfert. Ils servent \u00e0 la fois \u00e0 la s\u00e9curit\u00e9 et \u00e0 la protection des Alpes.","_seopress_robots_index":"","footnotes":""},"wf_page_folders":[86,134],"class_list":["post-22045","page","type-page","status-publish","hentry"],"acf":[],"_links":{"self":[{"href":"https:\/\/proalps.ch\/fr\/wp-json\/wp\/v2\/pages\/22045","targetHints":{"allow":["GET"]}}],"collection":[{"href":"https:\/\/proalps.ch\/fr\/wp-json\/wp\/v2\/pages"}],"about":[{"href":"https:\/\/proalps.ch\/fr\/wp-json\/wp\/v2\/types\/page"}],"author":[{"embeddable":true,"href":"https:\/\/proalps.ch\/fr\/wp-json\/wp\/v2\/users\/27"}],"replies":[{"embeddable":true,"href":"https:\/\/proalps.ch\/fr\/wp-json\/wp\/v2\/comments?post=22045"}],"version-history":[{"count":7,"href":"https:\/\/proalps.ch\/fr\/wp-json\/wp\/v2\/pages\/22045\/revisions"}],"predecessor-version":[{"id":31383,"href":"https:\/\/proalps.ch\/fr\/wp-json\/wp\/v2\/pages\/22045\/revisions\/31383"}],"up":[{"embeddable":true,"href":"https:\/\/proalps.ch\/fr\/wp-json\/wp\/v2\/pages\/20503"}],"wp:attachment":[{"href":"https:\/\/proalps.ch\/fr\/wp-json\/wp\/v2\/media?parent=22045"}],"wp:term":[{"taxonomy":"wf_page_folders","embeddable":true,"href":"https:\/\/proalps.ch\/fr\/wp-json\/wp\/v2\/wf_page_folders?post=22045"}],"curies":[{"name":"wp","href":"https:\/\/api.w.org\/{rel}","templated":true}]}}