{"id":18957,"date":"2024-11-14T23:57:43","date_gmt":"2024-11-14T23:57:43","guid":{"rendered":"https:\/\/www.proalps.ch\/?page_id=18957"},"modified":"2026-01-19T10:58:13","modified_gmt":"2026-01-19T10:58:13","slug":"traffico-passeggeri-alpi","status":"publish","type":"page","link":"https:\/\/proalps.ch\/it\/nostro-lavoro\/traffico-passeggeri-alpi\/","title":{"rendered":"Traffico delle persone nello spazio alpino"},"content":{"rendered":"","protected":false},"excerpt":{"rendered":"","protected":false},"author":27,"featured_media":0,"parent":18931,"menu_order":0,"comment_status":"closed","ping_status":"closed","template":"","meta":{"_acf_changed":false,"_seopress_robots_primary_cat":"","_seopress_titles_title":"Traffico delle persone nello spazio alpino","_seopress_titles_desc":"La strabordante mobilit\u00e0 interna e turistica sta mettendo sempre pi\u00f9 sotto pressione la regione alpina. Sostenete Pro Alps anche per una mobilit\u00e0 sostenibile.","_seopress_robots_index":"","footnotes":""},"wf_page_folders":[86,134],"class_list":["post-18957","page","type-page","status-publish","hentry"],"acf":[],"_links":{"self":[{"href":"https:\/\/proalps.ch\/it\/wp-json\/wp\/v2\/pages\/18957","targetHints":{"allow":["GET"]}}],"collection":[{"href":"https:\/\/proalps.ch\/it\/wp-json\/wp\/v2\/pages"}],"about":[{"href":"https:\/\/proalps.ch\/it\/wp-json\/wp\/v2\/types\/page"}],"author":[{"embeddable":true,"href":"https:\/\/proalps.ch\/it\/wp-json\/wp\/v2\/users\/27"}],"replies":[{"embeddable":true,"href":"https:\/\/proalps.ch\/it\/wp-json\/wp\/v2\/comments?post=18957"}],"version-history":[{"count":8,"href":"https:\/\/proalps.ch\/it\/wp-json\/wp\/v2\/pages\/18957\/revisions"}],"predecessor-version":[{"id":31295,"href":"https:\/\/proalps.ch\/it\/wp-json\/wp\/v2\/pages\/18957\/revisions\/31295"}],"up":[{"embeddable":true,"href":"https:\/\/proalps.ch\/it\/wp-json\/wp\/v2\/pages\/18931"}],"wp:attachment":[{"href":"https:\/\/proalps.ch\/it\/wp-json\/wp\/v2\/media?parent=18957"}],"wp:term":[{"taxonomy":"wf_page_folders","embeddable":true,"href":"https:\/\/proalps.ch\/it\/wp-json\/wp\/v2\/wf_page_folders?post=18957"}],"curies":[{"name":"wp","href":"https:\/\/api.w.org\/{rel}","templated":true}]}}