{"id":19330,"date":"2024-11-16T16:27:44","date_gmt":"2024-11-16T16:27:44","guid":{"rendered":"https:\/\/www.proalps.ch\/?page_id=19330"},"modified":"2026-01-21T09:39:28","modified_gmt":"2026-01-21T09:39:28","slug":"potenziare-le-strade","status":"publish","type":"page","link":"https:\/\/proalps.ch\/it\/temi\/potenziare-le-strade\/","title":{"rendered":"Costruzioni stradali nella regione alpina"},"content":{"rendered":"","protected":false},"excerpt":{"rendered":"","protected":false},"author":27,"featured_media":0,"parent":20934,"menu_order":0,"comment_status":"closed","ping_status":"closed","template":"","meta":{"_acf_changed":false,"_seopress_robots_primary_cat":"","_seopress_titles_title":"Costruzioni stradali: un pericolo per la protezione delle Alpi","_seopress_titles_desc":"Grazie all\u2019articolo costituzionale sulla protezione delle Alpi, la capacit\u00e0 delle strade di transito nella regione alpina non pu\u00f2 essere aumentata. Non di meno, la protezione delle Alpi \u00e8 in pericolo.","_seopress_robots_index":"","footnotes":""},"wf_page_folders":[86,134],"class_list":["post-19330","page","type-page","status-publish","hentry"],"acf":[],"_links":{"self":[{"href":"https:\/\/proalps.ch\/it\/wp-json\/wp\/v2\/pages\/19330","targetHints":{"allow":["GET"]}}],"collection":[{"href":"https:\/\/proalps.ch\/it\/wp-json\/wp\/v2\/pages"}],"about":[{"href":"https:\/\/proalps.ch\/it\/wp-json\/wp\/v2\/types\/page"}],"author":[{"embeddable":true,"href":"https:\/\/proalps.ch\/it\/wp-json\/wp\/v2\/users\/27"}],"replies":[{"embeddable":true,"href":"https:\/\/proalps.ch\/it\/wp-json\/wp\/v2\/comments?post=19330"}],"version-history":[{"count":10,"href":"https:\/\/proalps.ch\/it\/wp-json\/wp\/v2\/pages\/19330\/revisions"}],"predecessor-version":[{"id":31360,"href":"https:\/\/proalps.ch\/it\/wp-json\/wp\/v2\/pages\/19330\/revisions\/31360"}],"up":[{"embeddable":true,"href":"https:\/\/proalps.ch\/it\/wp-json\/wp\/v2\/pages\/20934"}],"wp:attachment":[{"href":"https:\/\/proalps.ch\/it\/wp-json\/wp\/v2\/media?parent=19330"}],"wp:term":[{"taxonomy":"wf_page_folders","embeddable":true,"href":"https:\/\/proalps.ch\/it\/wp-json\/wp\/v2\/wf_page_folders?post=19330"}],"curies":[{"name":"wp","href":"https:\/\/api.w.org\/{rel}","templated":true}]}}