{"id":20934,"date":"2024-11-18T15:42:01","date_gmt":"2024-11-18T15:42:01","guid":{"rendered":"https:\/\/www.proalps.ch\/?page_id=20934"},"modified":"2024-12-11T15:02:32","modified_gmt":"2024-12-11T15:02:32","slug":"temi","status":"publish","type":"page","link":"https:\/\/proalps.ch\/it\/temi\/","title":{"rendered":"I nostri temi"},"content":{"rendered":"","protected":false},"excerpt":{"rendered":"","protected":false},"author":27,"featured_media":0,"parent":0,"menu_order":0,"comment_status":"closed","ping_status":"closed","template":"","meta":{"_acf_changed":false,"_seopress_robots_primary_cat":"","_seopress_titles_title":"I nostri temi | Pro Alps","_seopress_titles_desc":"Da pi\u00f9 di 30 anni Pro Alps si impegna per Alpi vivibili. La leva principale di questo impegno \u00e8 una politica dei trasporti sostenibile - perci\u00f2 siamo attivi in diversi campi tematici.","_seopress_robots_index":"","footnotes":""},"wf_page_folders":[86,134],"class_list":["post-20934","page","type-page","status-publish","hentry"],"acf":[],"_links":{"self":[{"href":"https:\/\/proalps.ch\/it\/wp-json\/wp\/v2\/pages\/20934","targetHints":{"allow":["GET"]}}],"collection":[{"href":"https:\/\/proalps.ch\/it\/wp-json\/wp\/v2\/pages"}],"about":[{"href":"https:\/\/proalps.ch\/it\/wp-json\/wp\/v2\/types\/page"}],"author":[{"embeddable":true,"href":"https:\/\/proalps.ch\/it\/wp-json\/wp\/v2\/users\/27"}],"replies":[{"embeddable":true,"href":"https:\/\/proalps.ch\/it\/wp-json\/wp\/v2\/comments?post=20934"}],"version-history":[{"count":6,"href":"https:\/\/proalps.ch\/it\/wp-json\/wp\/v2\/pages\/20934\/revisions"}],"predecessor-version":[{"id":22734,"href":"https:\/\/proalps.ch\/it\/wp-json\/wp\/v2\/pages\/20934\/revisions\/22734"}],"wp:attachment":[{"href":"https:\/\/proalps.ch\/it\/wp-json\/wp\/v2\/media?parent=20934"}],"wp:term":[{"taxonomy":"wf_page_folders","embeddable":true,"href":"https:\/\/proalps.ch\/it\/wp-json\/wp\/v2\/wf_page_folders?post=20934"}],"curies":[{"name":"wp","href":"https:\/\/api.w.org\/{rel}","templated":true}]}}